{"id":80405,"date":"2019-07-28T11:31:44","date_gmt":"2019-07-28T10:31:44","guid":{"rendered":"https:\/\/dev.tomgrace.ch\/politique-de-confidentialite\/"},"modified":"2020-05-18T10:02:06","modified_gmt":"2020-05-18T09:02:06","slug":"politique-de-confidentialite","status":"publish","type":"page","link":"https:\/\/tomgrace.ch\/fr\/politique-de-confidentialite\/","title":{"rendered":"Politique de confidentialit\u00e9"},"content":{"rendered":"<div class=\"wpb-content-wrapper\"><p>[vc_row unlock_row=\u00a0\u00bb\u00a0\u00bb row_height_percent=\u00a0\u00bb0&Prime; overlay_alpha=\u00a0\u00bb50&Prime; gutter_size=\u00a0\u00bb3&Prime; column_width_use_pixel=\u00a0\u00bbyes\u00a0\u00bb shift_y=\u00a0\u00bb0&Prime; z_index=\u00a0\u00bb0&Prime; column_width_pixel=\u00a0\u00bb700&Prime;][vc_column width=\u00a0\u00bb1\/1&Prime;][vc_custom_heading]Politique de confidentialit\u00e9[\/vc_custom_heading][vc_column_text]<strong>Collecte d\u2019information<\/strong><\/p>\n<p>Ce site internet peut recueillir des donn\u00e9es lors de votre visite pour faciliter les transactions commerciales directes, personnaliser votre exp\u00e9rience et noter vos pr\u00e9f\u00e9rences. Ces donn\u00e9es sont\u00a0des informations\u00a0:<\/p>\n<ul>\n<li>que vous fournissez explicitement dans le formulaire de contact, telles que vos nom et adresse<\/li>\n<li>qui d\u00e9crivent votre appareil num\u00e9rique, votre connexion au r\u00e9seau et votre emplacement, comme l\u2019adresse IP, le mod\u00e8le de l\u2019appareil, le syst\u00e8me d\u2019exploitation et le type de navigateur<\/li>\n<li>\u00e9crites dans les cookies, comme la langue et les param\u00e8tres du site contenus dans de petits fichiers (cookies) \u00e9crits localement dans le cache de votre navigateur et qui identifient votre combinaison appareil\/navigateur au cours de plusieurs sessions de navigation. Si vous le d\u00e9sirez, vous pouvez d\u00e9sactiver les cookies dans les param\u00e8tres de votre navigateur.<\/li>\n<\/ul>\n<p><strong>Partage de l\u2019information <\/strong><\/p>\n<p>Parce que la protection de votre vie priv\u00e9e est importante, <strong>mon atelier ne partage pas les informations recueillies sur ce site avec des tiers<\/strong>, sauf si cela s\u2019av\u00e8re n\u00e9cessaire pour :<\/p>\n<ul>\n<li>effectuer des transactions commerciales directes (par exemple, vos paiements par carte de cr\u00e9dit)<\/li>\n<li>mettre en \u0153uvre des \u00ab plug-ins \u00bb de m\u00e9dias sociaux<\/li>\n<li>se conformer au droit applicable ou \u00e0 la proc\u00e9dure l\u00e9gale en vigueur<\/li>\n<\/ul>\n<p>Nous pouvons vous contacter p\u00e9riodiquement pour vous communiquer des informations sur des offres sp\u00e9ciales ainsi que des mises \u00e0 jour sur nos activit\u00e9s commerciales. Pour ce faire, nous utiliserons les informations que vous nous aurez explicitement fournies. Vous pouvez choisir de ne pas recevoir ces messages en suivant les instructions qui y figurent.[\/vc_column_text][vc_empty_space empty_h=\u00a0\u00bb2&Prime;][\/vc_column][\/vc_row]<\/p>\n<\/div>","protected":false},"excerpt":{"rendered":"<p>Parce que la confidentialit\u00e9 de vos donn\u00e9es priv\u00e9es est importante, mon atelier traite vos informations de mani\u00e8re transparente et responsable. <a class=\"more-link\" href=\"https:\/\/tomgrace.ch\/fr\/politique-de-confidentialite\/\">Continue reading<\/a><\/p>\n","protected":false},"author":1,"featured_media":80398,"parent":0,"menu_order":0,"comment_status":"closed","ping_status":"closed","template":"","meta":{"footnotes":""},"class_list":["post-80405","page","type-page","status-publish","has-post-thumbnail","hentry"],"yoast_head":"<title>Politique de confidentialit\u00e9 - Tom Grace<\/title>\n<meta name=\"description\" content=\"Parce que la confidentialit\u00e9 de vos donn\u00e9es priv\u00e9es est importante, mon atelier traite vos informations de mani\u00e8re transparente et responsable.\" \/>\n<meta name=\"robots\" content=\"index, follow, max-snippet:-1, max-image-preview:large, max-video-preview:-1\" \/>\n<link rel=\"canonical\" href=\"https:\/\/tomgrace.ch\/fr\/politique-de-confidentialite\/\" \/>\n<meta property=\"og:locale\" content=\"fr_FR\" \/>\n<meta property=\"og:type\" content=\"article\" \/>\n<meta property=\"og:title\" content=\"Politique de confidentialit\u00e9 - Tom Grace\" \/>\n<meta property=\"og:description\" content=\"Parce que la confidentialit\u00e9 de vos donn\u00e9es priv\u00e9es est importante, mon atelier traite vos informations de mani\u00e8re transparente et responsable.\" \/>\n<meta property=\"og:url\" content=\"https:\/\/tomgrace.ch\/fr\/politique-de-confidentialite\/\" \/>\n<meta property=\"og:site_name\" content=\"Tom Grace\" \/>\n<meta property=\"article:modified_time\" content=\"2020-05-18T09:02:06+00:00\" \/>\n<meta property=\"og:image\" content=\"https:\/\/tomgrace.ch\/wp-content\/uploads\/2020\/01\/prism_header-02x-2000.jpg\" \/>\n\t<meta property=\"og:image:width\" content=\"2000\" \/>\n\t<meta property=\"og:image:height\" content=\"1200\" \/>\n\t<meta property=\"og:image:type\" content=\"image\/jpeg\" \/>\n<meta name=\"twitter:card\" content=\"summary_large_image\" \/>\n<meta name=\"twitter:label1\" content=\"Dur\u00e9e de lecture estim\u00e9e\" \/>\n\t<meta name=\"twitter:data1\" content=\"2 minutes\" \/>\n<script type=\"application\/ld+json\" class=\"yoast-schema-graph\">{\"@context\":\"https:\/\/schema.org\",\"@graph\":[{\"@type\":\"WebPage\",\"@id\":\"https:\/\/tomgrace.ch\/fr\/politique-de-confidentialite\/\",\"url\":\"https:\/\/tomgrace.ch\/fr\/politique-de-confidentialite\/\",\"name\":\"Politique de confidentialit\u00e9 - Tom Grace\",\"isPartOf\":{\"@id\":\"https:\/\/tomgrace.ch\/fr\/#website\"},\"primaryImageOfPage\":{\"@id\":\"https:\/\/tomgrace.ch\/fr\/politique-de-confidentialite\/#primaryimage\"},\"image\":{\"@id\":\"https:\/\/tomgrace.ch\/fr\/politique-de-confidentialite\/#primaryimage\"},\"thumbnailUrl\":\"https:\/\/tomgrace.ch\/wp-content\/uploads\/2020\/01\/prism_header-02x-2000.jpg\",\"datePublished\":\"2019-07-28T10:31:44+00:00\",\"dateModified\":\"2020-05-18T09:02:06+00:00\",\"description\":\"Parce que la confidentialit\u00e9 de vos donn\u00e9es priv\u00e9es est importante, mon atelier traite vos informations de mani\u00e8re transparente et responsable.\",\"breadcrumb\":{\"@id\":\"https:\/\/tomgrace.ch\/fr\/politique-de-confidentialite\/#breadcrumb\"},\"inLanguage\":\"fr-FR\",\"potentialAction\":[{\"@type\":\"ReadAction\",\"target\":[\"https:\/\/tomgrace.ch\/fr\/politique-de-confidentialite\/\"]}]},{\"@type\":\"ImageObject\",\"inLanguage\":\"fr-FR\",\"@id\":\"https:\/\/tomgrace.ch\/fr\/politique-de-confidentialite\/#primaryimage\",\"url\":\"https:\/\/tomgrace.ch\/wp-content\/uploads\/2020\/01\/prism_header-02x-2000.jpg\",\"contentUrl\":\"https:\/\/tomgrace.ch\/wp-content\/uploads\/2020\/01\/prism_header-02x-2000.jpg\",\"width\":2000,\"height\":1200,\"caption\":\"bg01\"},{\"@type\":\"BreadcrumbList\",\"@id\":\"https:\/\/tomgrace.ch\/fr\/politique-de-confidentialite\/#breadcrumb\",\"itemListElement\":[{\"@type\":\"ListItem\",\"position\":1,\"name\":\"Home\",\"item\":\"https:\/\/tomgrace.ch\/fr\/\"},{\"@type\":\"ListItem\",\"position\":2,\"name\":\"Politique de confidentialit\u00e9\"}]},{\"@type\":\"WebSite\",\"@id\":\"https:\/\/tomgrace.ch\/fr\/#website\",\"url\":\"https:\/\/tomgrace.ch\/fr\/\",\"name\":\"Tom Grace\",\"description\":\"Typeface &amp; lettering design\",\"publisher\":{\"@id\":\"https:\/\/tomgrace.ch\/fr\/#organization\"},\"potentialAction\":[{\"@type\":\"SearchAction\",\"target\":{\"@type\":\"EntryPoint\",\"urlTemplate\":\"https:\/\/tomgrace.ch\/fr\/?s={search_term_string}\"},\"query-input\":{\"@type\":\"PropertyValueSpecification\",\"valueRequired\":true,\"valueName\":\"search_term_string\"}}],\"inLanguage\":\"fr-FR\"},{\"@type\":\"Organization\",\"@id\":\"https:\/\/tomgrace.ch\/fr\/#organization\",\"name\":\"Tom Grace\",\"url\":\"https:\/\/tomgrace.ch\/fr\/\",\"logo\":{\"@type\":\"ImageObject\",\"inLanguage\":\"fr-FR\",\"@id\":\"https:\/\/tomgrace.ch\/fr\/#\/schema\/logo\/image\/\",\"url\":\"https:\/\/tomgrace.ch\/wp-content\/uploads\/2020\/05\/logoB-512.jpg\",\"contentUrl\":\"https:\/\/tomgrace.ch\/wp-content\/uploads\/2020\/05\/logoB-512.jpg\",\"width\":512,\"height\":512,\"caption\":\"Tom Grace\"},\"image\":{\"@id\":\"https:\/\/tomgrace.ch\/fr\/#\/schema\/logo\/image\/\"},\"sameAs\":[\"https:\/\/www.linkedin.com\/in\/tom-grace-a3b3491\/\"]}]}<\/script>","yoast_head_json":{"title":"Politique de confidentialit\u00e9 - Tom Grace","description":"Parce que la confidentialit\u00e9 de vos donn\u00e9es priv\u00e9es est importante, mon atelier traite vos informations de mani\u00e8re transparente et responsable.","robots":{"index":"index","follow":"follow","max-snippet":"max-snippet:-1","max-image-preview":"max-image-preview:large","max-video-preview":"max-video-preview:-1"},"canonical":"https:\/\/tomgrace.ch\/fr\/politique-de-confidentialite\/","og_locale":"fr_FR","og_type":"article","og_title":"Politique de confidentialit\u00e9 - Tom Grace","og_description":"Parce que la confidentialit\u00e9 de vos donn\u00e9es priv\u00e9es est importante, mon atelier traite vos informations de mani\u00e8re transparente et responsable.","og_url":"https:\/\/tomgrace.ch\/fr\/politique-de-confidentialite\/","og_site_name":"Tom Grace","article_modified_time":"2020-05-18T09:02:06+00:00","og_image":[{"width":2000,"height":1200,"url":"https:\/\/tomgrace.ch\/wp-content\/uploads\/2020\/01\/prism_header-02x-2000.jpg","type":"image\/jpeg"}],"twitter_card":"summary_large_image","twitter_misc":{"Dur\u00e9e de lecture estim\u00e9e":"2 minutes"},"schema":{"@context":"https:\/\/schema.org","@graph":[{"@type":"WebPage","@id":"https:\/\/tomgrace.ch\/fr\/politique-de-confidentialite\/","url":"https:\/\/tomgrace.ch\/fr\/politique-de-confidentialite\/","name":"Politique de confidentialit\u00e9 - Tom Grace","isPartOf":{"@id":"https:\/\/tomgrace.ch\/fr\/#website"},"primaryImageOfPage":{"@id":"https:\/\/tomgrace.ch\/fr\/politique-de-confidentialite\/#primaryimage"},"image":{"@id":"https:\/\/tomgrace.ch\/fr\/politique-de-confidentialite\/#primaryimage"},"thumbnailUrl":"https:\/\/tomgrace.ch\/wp-content\/uploads\/2020\/01\/prism_header-02x-2000.jpg","datePublished":"2019-07-28T10:31:44+00:00","dateModified":"2020-05-18T09:02:06+00:00","description":"Parce que la confidentialit\u00e9 de vos donn\u00e9es priv\u00e9es est importante, mon atelier traite vos informations de mani\u00e8re transparente et responsable.","breadcrumb":{"@id":"https:\/\/tomgrace.ch\/fr\/politique-de-confidentialite\/#breadcrumb"},"inLanguage":"fr-FR","potentialAction":[{"@type":"ReadAction","target":["https:\/\/tomgrace.ch\/fr\/politique-de-confidentialite\/"]}]},{"@type":"ImageObject","inLanguage":"fr-FR","@id":"https:\/\/tomgrace.ch\/fr\/politique-de-confidentialite\/#primaryimage","url":"https:\/\/tomgrace.ch\/wp-content\/uploads\/2020\/01\/prism_header-02x-2000.jpg","contentUrl":"https:\/\/tomgrace.ch\/wp-content\/uploads\/2020\/01\/prism_header-02x-2000.jpg","width":2000,"height":1200,"caption":"bg01"},{"@type":"BreadcrumbList","@id":"https:\/\/tomgrace.ch\/fr\/politique-de-confidentialite\/#breadcrumb","itemListElement":[{"@type":"ListItem","position":1,"name":"Home","item":"https:\/\/tomgrace.ch\/fr\/"},{"@type":"ListItem","position":2,"name":"Politique de confidentialit\u00e9"}]},{"@type":"WebSite","@id":"https:\/\/tomgrace.ch\/fr\/#website","url":"https:\/\/tomgrace.ch\/fr\/","name":"Tom Grace","description":"Typeface &amp; lettering design","publisher":{"@id":"https:\/\/tomgrace.ch\/fr\/#organization"},"potentialAction":[{"@type":"SearchAction","target":{"@type":"EntryPoint","urlTemplate":"https:\/\/tomgrace.ch\/fr\/?s={search_term_string}"},"query-input":{"@type":"PropertyValueSpecification","valueRequired":true,"valueName":"search_term_string"}}],"inLanguage":"fr-FR"},{"@type":"Organization","@id":"https:\/\/tomgrace.ch\/fr\/#organization","name":"Tom Grace","url":"https:\/\/tomgrace.ch\/fr\/","logo":{"@type":"ImageObject","inLanguage":"fr-FR","@id":"https:\/\/tomgrace.ch\/fr\/#\/schema\/logo\/image\/","url":"https:\/\/tomgrace.ch\/wp-content\/uploads\/2020\/05\/logoB-512.jpg","contentUrl":"https:\/\/tomgrace.ch\/wp-content\/uploads\/2020\/05\/logoB-512.jpg","width":512,"height":512,"caption":"Tom Grace"},"image":{"@id":"https:\/\/tomgrace.ch\/fr\/#\/schema\/logo\/image\/"},"sameAs":["https:\/\/www.linkedin.com\/in\/tom-grace-a3b3491\/"]}]}},"_links":{"self":[{"href":"https:\/\/tomgrace.ch\/fr\/wp-json\/wp\/v2\/pages\/80405","targetHints":{"allow":["GET"]}}],"collection":[{"href":"https:\/\/tomgrace.ch\/fr\/wp-json\/wp\/v2\/pages"}],"about":[{"href":"https:\/\/tomgrace.ch\/fr\/wp-json\/wp\/v2\/types\/page"}],"author":[{"embeddable":true,"href":"https:\/\/tomgrace.ch\/fr\/wp-json\/wp\/v2\/users\/1"}],"replies":[{"embeddable":true,"href":"https:\/\/tomgrace.ch\/fr\/wp-json\/wp\/v2\/comments?post=80405"}],"version-history":[{"count":7,"href":"https:\/\/tomgrace.ch\/fr\/wp-json\/wp\/v2\/pages\/80405\/revisions"}],"predecessor-version":[{"id":80960,"href":"https:\/\/tomgrace.ch\/fr\/wp-json\/wp\/v2\/pages\/80405\/revisions\/80960"}],"wp:featuredmedia":[{"embeddable":true,"href":"https:\/\/tomgrace.ch\/fr\/wp-json\/wp\/v2\/media\/80398"}],"wp:attachment":[{"href":"https:\/\/tomgrace.ch\/fr\/wp-json\/wp\/v2\/media?parent=80405"}],"curies":[{"name":"wp","href":"https:\/\/api.w.org\/{rel}","templated":true}]}}