{"id":80212,"date":"2019-10-07T16:43:14","date_gmt":"2019-10-07T15:43:14","guid":{"rendered":"https:\/\/dev.tomgrace.ch\/?page_id=80212"},"modified":"2022-02-11T01:11:59","modified_gmt":"2022-02-11T00:11:59","slug":"__trashed-5","status":"publish","type":"page","link":"https:\/\/tomgrace.ch\/fr\/","title":{"rendered":"Tom Grace &#8211; Cr\u00e9ation de caract\u00e8res et lettrages"},"content":{"rendered":"<div class=\"wpb-content-wrapper\"><p>[vc_row unlock_row=\u00a0\u00bb\u00a0\u00bb row_height_percent=\u00a0\u00bb0&Prime; overlay_alpha=\u00a0\u00bb50&Prime; gutter_size=\u00a0\u00bb3&Prime; column_width_use_pixel=\u00a0\u00bbyes\u00a0\u00bb shift_y=\u00a0\u00bb0&Prime; z_index=\u00a0\u00bb0&Prime; column_width_pixel=\u00a0\u00bb700&Prime; css=\u00a0\u00bb.vc_custom_1564151520195{padding-top: 30px !important;padding-bottom: 40px !important;}\u00a0\u00bb][vc_column column_width_percent=\u00a0\u00bb100&Prime; gutter_size=\u00a0\u00bb3&Prime; overlay_alpha=\u00a0\u00bb50&Prime; shift_x=\u00a0\u00bb0&Prime; shift_y=\u00a0\u00bb0&Prime; shift_y_down=\u00a0\u00bb0&Prime; z_index=\u00a0\u00bb0&Prime; medium_width=\u00a0\u00bb0&Prime; mobile_width=\u00a0\u00bb0&Prime; width=\u00a0\u00bb1\/1&Prime;][vc_column_text]Chaque texte porte un timbre et un rythme, non seulement dans son contenu, mais aussi dans la forme de ses lettres. C\u2019est la voix visuelle.<\/p>\n<p>L\u2019expertise dans la conception de lettres est essentielle pour guider et fa\u00e7onner de nouvelles formes de texte afin que la voix visuelle r\u00e9sonne aupr\u00e8s de son audience de mani\u00e8re cibl\u00e9e et persuasive.<\/p>\n<p><b>Mon atelier cr\u00e9e des caract\u00e8res typographiques et lettrages uniques et fonctionnels pour les grandes marques et voix visuelles du monde entier.<\/b>[\/vc_column_text][\/vc_column][\/vc_row][vc_row unlock_row_content=\u00a0\u00bbyes\u00a0\u00bb row_height_percent=\u00a0\u00bb0&Prime; back_color=\u00a0\u00bbcolor-uydo\u00a0\u00bb overlay_alpha=\u00a0\u00bb50&Prime; gutter_size=\u00a0\u00bb3&Prime; column_width_use_pixel=\u00a0\u00bbyes\u00a0\u00bb shift_y=\u00a0\u00bb0&Prime; z_index=\u00a0\u00bb0&Prime; column_width_pixel=\u00a0\u00bb700&Prime; css=\u00a0\u00bb.vc_custom_1585005713663{padding-top: 18px !important;padding-bottom: 20px !important;}\u00a0\u00bb][vc_column width=\u00a0\u00bb1\/1&Prime;][vc_custom_heading]<\/p>\n<h2 style=\"text-align: left;\">Expertise<\/h2>\n<p>[\/vc_custom_heading][vc_empty_space empty_h=\u00a0\u00bb1&Prime;][vc_row_inner row_inner_height_percent=\u00a0\u00bb0&Prime; overlay_alpha=\u00a0\u00bb50&Prime; equal_height=\u00a0\u00bbyes\u00a0\u00bb gutter_size=\u00a0\u00bb4&Prime; shift_y=\u00a0\u00bb0&Prime; z_index=\u00a0\u00bb0&Prime;][vc_column_inner column_width_percent=\u00a0\u00bb100&Prime; position_vertical=\u00a0\u00bbmiddle\u00a0\u00bb align_horizontal=\u00a0\u00bbalign_center\u00a0\u00bb gutter_size=\u00a0\u00bb3&Prime; overlay_alpha=\u00a0\u00bb50&Prime; shift_x=\u00a0\u00bb0&Prime; shift_y=\u00a0\u00bb0&Prime; shift_y_down=\u00a0\u00bb0&Prime; z_index=\u00a0\u00bb0&Prime; medium_width=\u00a0\u00bb2&Prime; mobile_width=\u00a0\u00bb2&Prime; css_animation=\u00a0\u00bbalpha-anim\u00a0\u00bb animation_speed=\u00a0\u00bb600&Prime; animation_delay=\u00a0\u00bb200&Prime; width=\u00a0\u00bb1\/4&Prime;][vc_column_text]<\/p>\n<h5><a href=\"http:\/\/www.tomgrace.ch\/fr\/a-propos\/#typeface-design\"><span class=\"font-122160 tg-icon\" style=\"font-size: 5em;\">\uf002<\/span><\/a><\/h5>\n<p>[\/vc_column_text][\/vc_column_inner][vc_column_inner column_width_percent=\u00a0\u00bb100&Prime; position_horizontal=\u00a0\u00bbright\u00a0\u00bb position_vertical=\u00a0\u00bbmiddle\u00a0\u00bb gutter_size=\u00a0\u00bb3&Prime; overlay_alpha=\u00a0\u00bb50&Prime; shift_x=\u00a0\u00bb0&Prime; shift_y=\u00a0\u00bb0&Prime; shift_y_down=\u00a0\u00bb0&Prime; z_index=\u00a0\u00bb0&Prime; medium_width=\u00a0\u00bb6&Prime; mobile_width=\u00a0\u00bb6&Prime; css_animation=\u00a0\u00bbalpha-anim\u00a0\u00bb animation_speed=\u00a0\u00bb600&Prime; animation_delay=\u00a0\u00bb200&Prime; width=\u00a0\u00bb3\/4&Prime;][vc_column_text]<\/p>\n<h3><a href=\"http:\/\/www.tomgrace.ch\/fr\/a-propos\/#typeface-design\">Cr\u00e9ation de caract\u00e8res typographiques<\/a><\/h3>\n<p><span lang=\"EN-US\">Cr\u00e9ation de syst\u00e8mes de lettrages pour des expressions textuelles et usages sp\u00e9cifiques<\/span>[\/vc_column_text][\/vc_column_inner][\/vc_row_inner][vc_row_inner row_inner_height_percent=\u00a0\u00bb0&Prime; overlay_alpha=\u00a0\u00bb50&Prime; equal_height=\u00a0\u00bbyes\u00a0\u00bb gutter_size=\u00a0\u00bb4&Prime; shift_y=\u00a0\u00bb0&Prime; z_index=\u00a0\u00bb0&Prime;][vc_column_inner column_width_percent=\u00a0\u00bb100&Prime; position_vertical=\u00a0\u00bbmiddle\u00a0\u00bb align_horizontal=\u00a0\u00bbalign_center\u00a0\u00bb gutter_size=\u00a0\u00bb3&Prime; overlay_alpha=\u00a0\u00bb50&Prime; shift_x=\u00a0\u00bb0&Prime; shift_y=\u00a0\u00bb0&Prime; shift_y_down=\u00a0\u00bb0&Prime; z_index=\u00a0\u00bb0&Prime; medium_width=\u00a0\u00bb2&Prime; mobile_width=\u00a0\u00bb2&Prime; css_animation=\u00a0\u00bbalpha-anim\u00a0\u00bb animation_speed=\u00a0\u00bb600&Prime; animation_delay=\u00a0\u00bb200&Prime; width=\u00a0\u00bb1\/4&Prime;][vc_column_text]<\/p>\n<h5><a href=\"http:\/\/www.tomgrace.ch\/fr\/a-propos\/#font-development\"><span class=\"font-122160 tg-icon\" style=\"font-size: 5em;\">\uf000<\/span><\/a><\/h5>\n<p>[\/vc_column_text][\/vc_column_inner][vc_column_inner column_width_percent=\u00a0\u00bb100&Prime; position_horizontal=\u00a0\u00bbright\u00a0\u00bb position_vertical=\u00a0\u00bbmiddle\u00a0\u00bb gutter_size=\u00a0\u00bb3&Prime; overlay_alpha=\u00a0\u00bb50&Prime; shift_x=\u00a0\u00bb0&Prime; shift_y=\u00a0\u00bb0&Prime; shift_y_down=\u00a0\u00bb0&Prime; z_index=\u00a0\u00bb0&Prime; medium_width=\u00a0\u00bb6&Prime; mobile_width=\u00a0\u00bb6&Prime; css_animation=\u00a0\u00bbalpha-anim\u00a0\u00bb animation_speed=\u00a0\u00bb600&Prime; animation_delay=\u00a0\u00bb200&Prime; width=\u00a0\u00bb3\/4&Prime; link_to=\u00a0\u00bb|title:About||\u00a0\u00bb][vc_column_text]<\/p>\n<h3><a href=\"http:\/\/www.tomgrace.ch\/fr\/a-propos\/#font-development\">D\u00e9veloppement de fontes<\/a><\/h3>\n<p>Optimisation de syst\u00e8mes de lettrages pour des besoins particuliers au niveau fonctionnel, esth\u00e9tique ou linguistique[\/vc_column_text][\/vc_column_inner][\/vc_row_inner][vc_row_inner row_inner_height_percent=\u00a0\u00bb0&Prime; overlay_alpha=\u00a0\u00bb50&Prime; equal_height=\u00a0\u00bbyes\u00a0\u00bb gutter_size=\u00a0\u00bb4&Prime; shift_y=\u00a0\u00bb0&Prime; z_index=\u00a0\u00bb0&Prime;][vc_column_inner column_width_percent=\u00a0\u00bb100&Prime; position_vertical=\u00a0\u00bbmiddle\u00a0\u00bb align_horizontal=\u00a0\u00bbalign_center\u00a0\u00bb gutter_size=\u00a0\u00bb3&Prime; overlay_alpha=\u00a0\u00bb50&Prime; shift_x=\u00a0\u00bb0&Prime; shift_y=\u00a0\u00bb0&Prime; shift_y_down=\u00a0\u00bb0&Prime; z_index=\u00a0\u00bb0&Prime; medium_width=\u00a0\u00bb2&Prime; mobile_width=\u00a0\u00bb2&Prime; css_animation=\u00a0\u00bbalpha-anim\u00a0\u00bb animation_speed=\u00a0\u00bb600&Prime; animation_delay=\u00a0\u00bb200&Prime; width=\u00a0\u00bb1\/4&Prime;][vc_column_text]<\/p>\n<h5><a href=\"http:\/\/www.tomgrace.ch\/fr\/a-propos\/#custom-lettering\"><span class=\"font-122160 tg-icon\" style=\"font-size: 5em;\">\uf001<\/span><\/a><\/h5>\n<p>[\/vc_column_text][\/vc_column_inner][vc_column_inner column_width_percent=\u00a0\u00bb100&Prime; position_horizontal=\u00a0\u00bbright\u00a0\u00bb position_vertical=\u00a0\u00bbmiddle\u00a0\u00bb gutter_size=\u00a0\u00bb3&Prime; overlay_alpha=\u00a0\u00bb50&Prime; shift_x=\u00a0\u00bb0&Prime; shift_y=\u00a0\u00bb0&Prime; shift_y_down=\u00a0\u00bb0&Prime; z_index=\u00a0\u00bb0&Prime; medium_width=\u00a0\u00bb6&Prime; mobile_width=\u00a0\u00bb6&Prime; css_animation=\u00a0\u00bbalpha-anim\u00a0\u00bb animation_speed=\u00a0\u00bb600&Prime; animation_delay=\u00a0\u00bb200&Prime; width=\u00a0\u00bb3\/4&Prime;][vc_column_text]<\/p>\n<h3><a href=\"http:\/\/www.tomgrace.ch\/fr\/a-propos\/#custom-lettering\">Cr\u00e9ation de lettrages sur mesure<\/a><\/h3>\n<p>Conception d\u2019arrangements de textes sp\u00e9cifiques, comme les logotypes, les monogrammes, les sigles et les titrages personnalis\u00e9s[\/vc_column_text][\/vc_column_inner][\/vc_row_inner][vc_empty_space empty_h=\u00a0\u00bb1&Prime;][\/vc_column][\/vc_row][vc_row unlock_row_content=\u00a0\u00bbyes\u00a0\u00bb row_height_percent=\u00a0\u00bb0&Prime; back_color=\u00a0\u00bbcolor-xsdn\u00a0\u00bb overlay_alpha=\u00a0\u00bb50&Prime; gutter_size=\u00a0\u00bb3&Prime; column_width_use_pixel=\u00a0\u00bbyes\u00a0\u00bb shift_y=\u00a0\u00bb0&Prime; z_index=\u00a0\u00bb0&Prime; column_width_pixel=\u00a0\u00bb700&Prime; css=\u00a0\u00bb.vc_custom_1588932820809{padding-top: 30px !important;padding-bottom: 40px !important;}\u00a0\u00bb][vc_column column_width_percent=\u00a0\u00bb100&Prime; gutter_size=\u00a0\u00bb3&Prime; overlay_alpha=\u00a0\u00bb50&Prime; shift_x=\u00a0\u00bb0&Prime; shift_y=\u00a0\u00bb0&Prime; shift_y_down=\u00a0\u00bb0&Prime; z_index=\u00a0\u00bb0&Prime; medium_width=\u00a0\u00bb0&Prime; mobile_width=\u00a0\u00bb0&Prime; width=\u00a0\u00bb1\/1&Prime;][vc_custom_heading heading_semantic=\u00a0\u00bbh3&Prime; text_size=\u00a0\u00bbh3&Prime;]<\/p>\n<h2>Zoom sur quelques projets<\/h2>\n<p>[\/vc_custom_heading][uncode_index el_id=\u00a0\u00bbindex-115274&Prime; index_type=\u00a0\u00bbcarousel\u00a0\u00bb loop=\u00a0\u00bbsize:3|order_by:date|post_type:portfolio|by_id:72957,80066,80064&Prime; auto_query=\u00a0\u00bbyes\u00a0\u00bb index_back_color=\u00a0\u00bbcolor-xsdn\u00a0\u00bb carousel_lg=\u00a0\u00bb1&Prime; carousel_md=\u00a0\u00bb1&Prime; carousel_sm=\u00a0\u00bb1&Prime; thumb_size=\u00a0\u00bbthree-two\u00a0\u00bb gutter_size=\u00a0\u00bb3&Prime; portfolio_items=\u00a0\u00bbmedia|featured|onpost|poster,title\u00a0\u00bb carousel_height=\u00a0\u00bbequal\u00a0\u00bb carousel_type=\u00a0\u00bbfade\u00a0\u00bb carousel_interval=\u00a0\u00bb3000&Prime; carousel_navspeed=\u00a0\u00bb700&Prime; carousel_loop=\u00a0\u00bbyes\u00a0\u00bb carousel_dots=\u00a0\u00bbyes\u00a0\u00bb carousel_dots_mobile=\u00a0\u00bbyes\u00a0\u00bb carousel_autoh=\u00a0\u00bbyes\u00a0\u00bb stage_padding=\u00a0\u00bb0&Prime; single_back_color=\u00a0\u00bbcolor-xsdn\u00a0\u00bb single_overlay_opacity=\u00a0\u00bb50&Prime; single_image_anim=\u00a0\u00bbno\u00a0\u00bb single_padding=\u00a0\u00bb2&Prime; single_title_dimension=\u00a0\u00bbh5&Prime; single_border=\u00a0\u00bbyes\u00a0\u00bb single_css_animation=\u00a0\u00bbalpha-anim\u00a0\u00bb custom_order=\u00a0\u00bbyes\u00a0\u00bb single_icon=\u00a0\u00bbfa fa-plus2&Prime;][\/vc_column][\/vc_row][vc_row unlock_row_content=\u00a0\u00bbyes\u00a0\u00bb row_height_percent=\u00a0\u00bb0&Prime; back_color=\u00a0\u00bbcolor-gyho\u00a0\u00bb overlay_alpha=\u00a0\u00bb50&Prime; gutter_size=\u00a0\u00bb3&Prime; column_width_use_pixel=\u00a0\u00bbyes\u00a0\u00bb shift_y=\u00a0\u00bb0&Prime; z_index=\u00a0\u00bb0&Prime; column_width_pixel=\u00a0\u00bb700&Prime; css=\u00a0\u00bb.vc_custom_1564151472694{padding-top: 30px !important;padding-bottom: 40px !important;}\u00a0\u00bb][vc_column column_width_percent=\u00a0\u00bb100&Prime; gutter_size=\u00a0\u00bb3&Prime; overlay_alpha=\u00a0\u00bb50&Prime; shift_x=\u00a0\u00bb0&Prime; shift_y=\u00a0\u00bb0&Prime; shift_y_down=\u00a0\u00bb0&Prime; z_index=\u00a0\u00bb0&Prime; medium_width=\u00a0\u00bb0&Prime; mobile_width=\u00a0\u00bb0&Prime; width=\u00a0\u00bb1\/1&Prime;][vc_custom_heading heading_semantic=\u00a0\u00bbh3&Prime; text_size=\u00a0\u00bbh3&Prime;]<\/p>\n<h2>Posts r\u00e9cents<\/h2>\n<p>[\/vc_custom_heading][uncode_index el_id=\u00a0\u00bbindex-3533875&Prime; index_type=\u00a0\u00bbcarousel\u00a0\u00bb loop=\u00a0\u00bbsize:2|order_by:date|post_type:post|by_id:81342,72854&Prime; auto_query=\u00a0\u00bbyes\u00a0\u00bb carousel_lg=\u00a0\u00bb1&Prime; carousel_md=\u00a0\u00bb1&Prime; carousel_sm=\u00a0\u00bb1&Prime; thumb_size=\u00a0\u00bbtwentyone-nine\u00a0\u00bb gutter_size=\u00a0\u00bb3&Prime; post_items=\u00a0\u00bbmedia|featured|onpost|original,title,text|excerpt|120&Prime; portfolio_items=\u00a0\u00bbmedia|featured|onpost|original,title,text|excerpt|80,sep-one|full,date\u00a0\u00bb carousel_height=\u00a0\u00bbequal\u00a0\u00bb carousel_type=\u00a0\u00bbfade\u00a0\u00bb carousel_interval=\u00a0\u00bb3000&Prime; carousel_navspeed=\u00a0\u00bb700&Prime; carousel_loop=\u00a0\u00bbyes\u00a0\u00bb carousel_dots=\u00a0\u00bbyes\u00a0\u00bb carousel_dots_mobile=\u00a0\u00bbyes\u00a0\u00bb stage_padding=\u00a0\u00bb0&Prime; single_overlay_color=\u00a0\u00bbcolor-jevc\u00a0\u00bb single_overlay_opacity=\u00a0\u00bb50&Prime; single_image_anim=\u00a0\u00bbno\u00a0\u00bb single_h_align_mobile=\u00a0\u00bbleft\u00a0\u00bb single_padding=\u00a0\u00bb2&Prime; single_title_dimension=\u00a0\u00bbh4&Prime; single_title_weight=\u00a0\u00bb400&Prime; single_border=\u00a0\u00bbyes\u00a0\u00bb title=\u00a0\u00bbRecent posts\u00a0\u00bb][\/vc_column][\/vc_row]<\/p>\n<\/div>","protected":false},"excerpt":{"rendered":"<p>Cr\u00e9ation de caract\u00e8res typographiques et lettrages uniques pour les grandes marques et voix visuelles du monde entier. <a class=\"more-link\" href=\"https:\/\/tomgrace.ch\/fr\/\">Continue reading<\/a><\/p>\n","protected":false},"author":1,"featured_media":80398,"parent":0,"menu_order":0,"comment_status":"closed","ping_status":"closed","template":"","meta":{"footnotes":""},"class_list":["post-80212","page","type-page","status-publish","has-post-thumbnail","hentry"],"yoast_head":"<title>Tom Grace - Typeface &amp; lettering design<\/title>\n<meta name=\"description\" content=\"Cr\u00e9ation de caract\u00e8res typographiques et lettrages uniques pour les grandes marques et voix visuelles du monde entier.\" \/>\n<meta name=\"robots\" content=\"index, follow, max-snippet:-1, max-image-preview:large, max-video-preview:-1\" \/>\n<link rel=\"canonical\" href=\"https:\/\/tomgrace.ch\/fr\/\" \/>\n<meta property=\"og:locale\" content=\"fr_FR\" \/>\n<meta property=\"og:type\" content=\"article\" \/>\n<meta property=\"og:title\" content=\"Tom Grace - Typeface &amp; lettering design\" \/>\n<meta property=\"og:description\" content=\"Cr\u00e9ation de caract\u00e8res typographiques et lettrages uniques pour les grandes marques et voix visuelles du monde entier.\" \/>\n<meta property=\"og:url\" content=\"https:\/\/tomgrace.ch\/fr\/\" \/>\n<meta property=\"og:site_name\" content=\"Tom Grace\" \/>\n<meta property=\"article:modified_time\" content=\"2022-02-11T00:11:59+00:00\" \/>\n<meta property=\"og:image\" content=\"https:\/\/tomgrace.ch\/wp-content\/uploads\/2020\/01\/prism_header-02x-2000.jpg\" \/>\n\t<meta property=\"og:image:width\" content=\"2000\" \/>\n\t<meta property=\"og:image:height\" content=\"1200\" \/>\n\t<meta property=\"og:image:type\" content=\"image\/jpeg\" \/>\n<meta name=\"twitter:card\" content=\"summary_large_image\" \/>\n<meta name=\"twitter:image\" content=\"https:\/\/tomgrace.ch\/wp-content\/uploads\/2020\/01\/prism_header-02x-2000.jpg\" \/>\n<meta name=\"twitter:label1\" content=\"Dur\u00e9e de lecture estim\u00e9e\" \/>\n\t<meta name=\"twitter:data1\" content=\"5 minutes\" \/>\n<script type=\"application\/ld+json\" class=\"yoast-schema-graph\">{\"@context\":\"https:\/\/schema.org\",\"@graph\":[{\"@type\":\"WebPage\",\"@id\":\"https:\/\/tomgrace.ch\/fr\/\",\"url\":\"https:\/\/tomgrace.ch\/fr\/\",\"name\":\"Tom Grace - Typeface &amp; lettering design\",\"isPartOf\":{\"@id\":\"https:\/\/tomgrace.ch\/fr\/#website\"},\"primaryImageOfPage\":{\"@id\":\"https:\/\/tomgrace.ch\/fr\/#primaryimage\"},\"image\":{\"@id\":\"https:\/\/tomgrace.ch\/fr\/#primaryimage\"},\"thumbnailUrl\":\"https:\/\/tomgrace.ch\/wp-content\/uploads\/2020\/01\/prism_header-02x-2000.jpg\",\"datePublished\":\"2019-10-07T15:43:14+00:00\",\"dateModified\":\"2022-02-11T00:11:59+00:00\",\"description\":\"Cr\u00e9ation de caract\u00e8res typographiques et lettrages uniques pour les grandes marques et voix visuelles du monde entier.\",\"breadcrumb\":{\"@id\":\"https:\/\/tomgrace.ch\/fr\/#breadcrumb\"},\"inLanguage\":\"fr-FR\",\"potentialAction\":[{\"@type\":\"ReadAction\",\"target\":[\"https:\/\/tomgrace.ch\/fr\/\"]}]},{\"@type\":\"ImageObject\",\"inLanguage\":\"fr-FR\",\"@id\":\"https:\/\/tomgrace.ch\/fr\/#primaryimage\",\"url\":\"https:\/\/tomgrace.ch\/wp-content\/uploads\/2020\/01\/prism_header-02x-2000.jpg\",\"contentUrl\":\"https:\/\/tomgrace.ch\/wp-content\/uploads\/2020\/01\/prism_header-02x-2000.jpg\",\"width\":2000,\"height\":1200,\"caption\":\"bg01\"},{\"@type\":\"BreadcrumbList\",\"@id\":\"https:\/\/tomgrace.ch\/fr\/#breadcrumb\",\"itemListElement\":[{\"@type\":\"ListItem\",\"position\":1,\"name\":\"Home\",\"item\":\"https:\/\/tomgrace.ch\/fr\/\"},{\"@type\":\"ListItem\",\"position\":2,\"name\":\"Tom Grace &#8211; Cr\u00e9ation de caract\u00e8res et lettrages\"}]},{\"@type\":\"WebSite\",\"@id\":\"https:\/\/tomgrace.ch\/fr\/#website\",\"url\":\"https:\/\/tomgrace.ch\/fr\/\",\"name\":\"Tom Grace\",\"description\":\"Typeface &amp; lettering design\",\"publisher\":{\"@id\":\"https:\/\/tomgrace.ch\/fr\/#organization\"},\"potentialAction\":[{\"@type\":\"SearchAction\",\"target\":{\"@type\":\"EntryPoint\",\"urlTemplate\":\"https:\/\/tomgrace.ch\/fr\/?s={search_term_string}\"},\"query-input\":{\"@type\":\"PropertyValueSpecification\",\"valueRequired\":true,\"valueName\":\"search_term_string\"}}],\"inLanguage\":\"fr-FR\"},{\"@type\":\"Organization\",\"@id\":\"https:\/\/tomgrace.ch\/fr\/#organization\",\"name\":\"Tom Grace\",\"url\":\"https:\/\/tomgrace.ch\/fr\/\",\"logo\":{\"@type\":\"ImageObject\",\"inLanguage\":\"fr-FR\",\"@id\":\"https:\/\/tomgrace.ch\/fr\/#\/schema\/logo\/image\/\",\"url\":\"https:\/\/tomgrace.ch\/wp-content\/uploads\/2020\/05\/logoB-512.jpg\",\"contentUrl\":\"https:\/\/tomgrace.ch\/wp-content\/uploads\/2020\/05\/logoB-512.jpg\",\"width\":512,\"height\":512,\"caption\":\"Tom Grace\"},\"image\":{\"@id\":\"https:\/\/tomgrace.ch\/fr\/#\/schema\/logo\/image\/\"},\"sameAs\":[\"https:\/\/www.linkedin.com\/in\/tom-grace-a3b3491\/\"]}]}<\/script>","yoast_head_json":{"title":"Tom Grace - Typeface &amp; lettering design","description":"Cr\u00e9ation de caract\u00e8res typographiques et lettrages uniques pour les grandes marques et voix visuelles du monde entier.","robots":{"index":"index","follow":"follow","max-snippet":"max-snippet:-1","max-image-preview":"max-image-preview:large","max-video-preview":"max-video-preview:-1"},"canonical":"https:\/\/tomgrace.ch\/fr\/","og_locale":"fr_FR","og_type":"article","og_title":"Tom Grace - Typeface &amp; lettering design","og_description":"Cr\u00e9ation de caract\u00e8res typographiques et lettrages uniques pour les grandes marques et voix visuelles du monde entier.","og_url":"https:\/\/tomgrace.ch\/fr\/","og_site_name":"Tom Grace","article_modified_time":"2022-02-11T00:11:59+00:00","og_image":[{"width":2000,"height":1200,"url":"https:\/\/tomgrace.ch\/wp-content\/uploads\/2020\/01\/prism_header-02x-2000.jpg","type":"image\/jpeg"}],"twitter_card":"summary_large_image","twitter_image":"https:\/\/tomgrace.ch\/wp-content\/uploads\/2020\/01\/prism_header-02x-2000.jpg","twitter_misc":{"Dur\u00e9e de lecture estim\u00e9e":"5 minutes"},"schema":{"@context":"https:\/\/schema.org","@graph":[{"@type":"WebPage","@id":"https:\/\/tomgrace.ch\/fr\/","url":"https:\/\/tomgrace.ch\/fr\/","name":"Tom Grace - Typeface &amp; lettering design","isPartOf":{"@id":"https:\/\/tomgrace.ch\/fr\/#website"},"primaryImageOfPage":{"@id":"https:\/\/tomgrace.ch\/fr\/#primaryimage"},"image":{"@id":"https:\/\/tomgrace.ch\/fr\/#primaryimage"},"thumbnailUrl":"https:\/\/tomgrace.ch\/wp-content\/uploads\/2020\/01\/prism_header-02x-2000.jpg","datePublished":"2019-10-07T15:43:14+00:00","dateModified":"2022-02-11T00:11:59+00:00","description":"Cr\u00e9ation de caract\u00e8res typographiques et lettrages uniques pour les grandes marques et voix visuelles du monde entier.","breadcrumb":{"@id":"https:\/\/tomgrace.ch\/fr\/#breadcrumb"},"inLanguage":"fr-FR","potentialAction":[{"@type":"ReadAction","target":["https:\/\/tomgrace.ch\/fr\/"]}]},{"@type":"ImageObject","inLanguage":"fr-FR","@id":"https:\/\/tomgrace.ch\/fr\/#primaryimage","url":"https:\/\/tomgrace.ch\/wp-content\/uploads\/2020\/01\/prism_header-02x-2000.jpg","contentUrl":"https:\/\/tomgrace.ch\/wp-content\/uploads\/2020\/01\/prism_header-02x-2000.jpg","width":2000,"height":1200,"caption":"bg01"},{"@type":"BreadcrumbList","@id":"https:\/\/tomgrace.ch\/fr\/#breadcrumb","itemListElement":[{"@type":"ListItem","position":1,"name":"Home","item":"https:\/\/tomgrace.ch\/fr\/"},{"@type":"ListItem","position":2,"name":"Tom Grace &#8211; Cr\u00e9ation de caract\u00e8res et lettrages"}]},{"@type":"WebSite","@id":"https:\/\/tomgrace.ch\/fr\/#website","url":"https:\/\/tomgrace.ch\/fr\/","name":"Tom Grace","description":"Typeface &amp; lettering design","publisher":{"@id":"https:\/\/tomgrace.ch\/fr\/#organization"},"potentialAction":[{"@type":"SearchAction","target":{"@type":"EntryPoint","urlTemplate":"https:\/\/tomgrace.ch\/fr\/?s={search_term_string}"},"query-input":{"@type":"PropertyValueSpecification","valueRequired":true,"valueName":"search_term_string"}}],"inLanguage":"fr-FR"},{"@type":"Organization","@id":"https:\/\/tomgrace.ch\/fr\/#organization","name":"Tom Grace","url":"https:\/\/tomgrace.ch\/fr\/","logo":{"@type":"ImageObject","inLanguage":"fr-FR","@id":"https:\/\/tomgrace.ch\/fr\/#\/schema\/logo\/image\/","url":"https:\/\/tomgrace.ch\/wp-content\/uploads\/2020\/05\/logoB-512.jpg","contentUrl":"https:\/\/tomgrace.ch\/wp-content\/uploads\/2020\/05\/logoB-512.jpg","width":512,"height":512,"caption":"Tom Grace"},"image":{"@id":"https:\/\/tomgrace.ch\/fr\/#\/schema\/logo\/image\/"},"sameAs":["https:\/\/www.linkedin.com\/in\/tom-grace-a3b3491\/"]}]}},"_links":{"self":[{"href":"https:\/\/tomgrace.ch\/fr\/wp-json\/wp\/v2\/pages\/80212","targetHints":{"allow":["GET"]}}],"collection":[{"href":"https:\/\/tomgrace.ch\/fr\/wp-json\/wp\/v2\/pages"}],"about":[{"href":"https:\/\/tomgrace.ch\/fr\/wp-json\/wp\/v2\/types\/page"}],"author":[{"embeddable":true,"href":"https:\/\/tomgrace.ch\/fr\/wp-json\/wp\/v2\/users\/1"}],"replies":[{"embeddable":true,"href":"https:\/\/tomgrace.ch\/fr\/wp-json\/wp\/v2\/comments?post=80212"}],"version-history":[{"count":65,"href":"https:\/\/tomgrace.ch\/fr\/wp-json\/wp\/v2\/pages\/80212\/revisions"}],"predecessor-version":[{"id":81542,"href":"https:\/\/tomgrace.ch\/fr\/wp-json\/wp\/v2\/pages\/80212\/revisions\/81542"}],"wp:featuredmedia":[{"embeddable":true,"href":"https:\/\/tomgrace.ch\/fr\/wp-json\/wp\/v2\/media\/80398"}],"wp:attachment":[{"href":"https:\/\/tomgrace.ch\/fr\/wp-json\/wp\/v2\/media?parent=80212"}],"curies":[{"name":"wp","href":"https:\/\/api.w.org\/{rel}","templated":true}]}}